{"id":4314,"date":"2025-12-08T11:58:52","date_gmt":"2025-12-08T11:58:52","guid":{"rendered":"https:\/\/ingerogjohannesexner.dk\/video\/"},"modified":"2026-02-12T13:55:50","modified_gmt":"2026-02-12T13:55:50","slug":"video","status":"publish","type":"page","link":"https:\/\/ingerogjohannesexner.dk\/en\/video\/","title":{"rendered":"Video"},"content":{"rendered":"\n<h3 class=\"wp-block-heading\">Building with light<\/h3>\n\n<div class=\"wp-block-columns is-layout-flex wp-container-core-columns-is-layout-28f84493 wp-block-columns-is-layout-flex\" id=\"At-bygge-med-lys\">\n<div class=\"wp-block-column is-vertically-aligned-top has-global-padding is-content-justification-left is-layout-constrained wp-container-core-column-is-layout-12dd3699 wp-block-column-is-layout-constrained\">\n<figure class=\"wp-block-embed is-type-video is-provider-youtube wp-block-embed-youtube wp-embed-aspect-16-9 wp-has-aspect-ratio\"><div class=\"wp-block-embed__wrapper\">\n<iframe title=\"At bygge med lys\" width=\"500\" height=\"281\" src=\"https:\/\/www.youtube.com\/embed\/nvaJvHHZ2r4?feature=oembed\" frameborder=\"0\" allow=\"accelerometer; autoplay; clipboard-write; encrypted-media; gyroscope; picture-in-picture; web-share\" referrerpolicy=\"strict-origin-when-cross-origin\" allowfullscreen><\/iframe>\n<\/div><\/figure>\n<\/div>\n\n\n\n<div class=\"wp-block-column is-layout-flow wp-block-column-is-layout-flow\">\n<p class=\"has-medium-font-size\">Year 1999<\/p>\n\n\n\n<p class=\"has-medium-font-size\">Script and direction: Anne Hjort<br \/>Production: Danmarks Kirkelige Mediecenter<br \/>Duration: 29 min.<\/p>\n<\/div>\n<\/div>\n\n<hr class=\"wp-block-separator has-alpha-channel-opacity\" style=\"margin-top:var(--wp--preset--spacing--30);margin-bottom:var(--wp--preset--spacing--30)\" \/>\n\n<h3 class=\"wp-block-heading\">The history of church buildings<\/h3>\n\n<div class=\"wp-block-columns is-layout-flex wp-container-core-columns-is-layout-28f84493 wp-block-columns-is-layout-flex\" id=\"Kirkebygningernes-historie\">\n<div class=\"wp-block-column has-global-padding is-layout-constrained wp-block-column-is-layout-constrained\">\n<figure class=\"wp-block-embed is-type-video is-provider-youtube wp-block-embed-youtube wp-embed-aspect-16-9 wp-has-aspect-ratio\"><div class=\"wp-block-embed__wrapper\">\n<iframe title=\"Kirkebygningernes historie - Johannes Exner\" width=\"500\" height=\"281\" src=\"https:\/\/www.youtube.com\/embed\/Ic1NE6XpKBk?feature=oembed\" frameborder=\"0\" allow=\"accelerometer; autoplay; clipboard-write; encrypted-media; gyroscope; picture-in-picture; web-share\" referrerpolicy=\"strict-origin-when-cross-origin\" allowfullscreen><\/iframe>\n<\/div><\/figure>\n<\/div>\n\n\n\n<div class=\"wp-block-column has-global-padding is-layout-constrained wp-block-column-is-layout-constrained\">\n<p class=\"has-medium-font-size\">Year 2001<\/p>\n\n\n\n<p class=\"has-medium-font-size\">Professor and architect Johannes Exner explains the history of church buildings in connection with the review of a proposal to alter Taastrup Nykirke.<br \/>Production: Kaj Larsen, Taastrup<br \/>Filmed in Taastrup Nykirke.<br \/>Duration: 34 min.<\/p>\n<\/div>\n<\/div>\n\n<hr class=\"wp-block-separator has-alpha-channel-opacity\" style=\"margin-top:var(--wp--preset--spacing--30);margin-bottom:var(--wp--preset--spacing--30)\" \/>\n\n<h3 class=\"wp-block-heading\">The Historical Building\u2019s Being in Life and Death<\/h3>\n\n<div class=\"wp-block-columns is-layout-flex wp-container-core-columns-is-layout-28f84493 wp-block-columns-is-layout-flex\" id=\"Den-Historiske-Bygnings-V\u00e6ren-p\u00e5-Liv-og-D\u00f8d\">\n<div class=\"wp-block-column has-global-padding is-layout-constrained wp-block-column-is-layout-constrained\">\n<figure class=\"wp-block-embed is-type-video is-provider-youtube wp-block-embed-youtube wp-embed-aspect-16-9 wp-has-aspect-ratio\"><div class=\"wp-block-embed__wrapper\">\n<iframe title=\"Den Historiske Bygnings V\u00e6ren pa\u030a Liv og D\u00f8d  - Johannes Exner\" width=\"500\" height=\"281\" src=\"https:\/\/www.youtube.com\/embed\/lDdrBePhpw8?feature=oembed\" frameborder=\"0\" allow=\"accelerometer; autoplay; clipboard-write; encrypted-media; gyroscope; picture-in-picture; web-share\" referrerpolicy=\"strict-origin-when-cross-origin\" allowfullscreen><\/iframe>\n<\/div><\/figure>\n<\/div>\n\n\n\n<div class=\"wp-block-column has-global-padding is-layout-constrained wp-block-column-is-layout-constrained\">\n<p class=\"has-medium-font-size\">Year 2006<\/p>\n\n\n\n<p class=\"has-medium-font-size\">Lecture given by Johannes Exner at the The Agency for Palaces and Cultural Landscapes&#8217; Restoration Seminar on 26 January 2006 at Bellevue Theatre, Klampenborg.<br \/>Duration: 1 hr 49 min<\/p>\n<\/div>\n<\/div>\n\n<hr class=\"wp-block-separator has-alpha-channel-opacity\" style=\"margin-top:var(--wp--preset--spacing--30);margin-bottom:var(--wp--preset--spacing--30)\" \/>\n\n<h3 class=\"wp-block-heading\">A good neighborhood<\/h3>\n\n<div class=\"wp-block-columns is-layout-flex wp-container-core-columns-is-layout-28f84493 wp-block-columns-is-layout-flex\" id=\"Et-godt-kvarter\">\n<div class=\"wp-block-column has-global-padding is-layout-constrained wp-block-column-is-layout-constrained\">\n<figure class=\"wp-block-image size-full\"><a href=\"https:\/\/www.danskkulturarv.dk\/dr\/et-godt-kvarter\/\" target=\"_blank\" rel=\"noopener\"><img decoding=\"async\" width=\"540\" height=\"300\" src=\"https:\/\/ingerogjohannesexner.dk\/wp-content\/uploads\/2025\/12\/thumb_johannes-den-gamle-bydel-1.jpg\" alt=\"\" class=\"wp-image-2644\" srcset=\"https:\/\/ingerogjohannesexner.dk\/wp-content\/uploads\/2025\/12\/thumb_johannes-den-gamle-bydel-1.jpg 540w, https:\/\/ingerogjohannesexner.dk\/wp-content\/uploads\/2025\/12\/thumb_johannes-den-gamle-bydel-1-300x167.jpg 300w\" sizes=\"(max-width: 540px) 100vw, 540px\" \/><\/a><\/figure>\n<\/div>\n\n\n\n<div class=\"wp-block-column has-global-padding is-layout-constrained wp-block-column-is-layout-constrained\">\n<p class=\"has-medium-font-size\">Year 2007<\/p>\n\n\n\n<p class=\"has-medium-font-size\">Central Aarhus. Architect Johannes Exner speaks about the city.<br \/>Produced by: Bo Illum J\u00f8rgensen<br \/>Cinematography: Jesper Petersen<br \/>DR editor: Thorkild Nyholm<br \/>Production: Dansk AV Produktion<br \/>Duration: 15 min <\/p>\n\n\n\n<p class=\"has-medium-font-size\"><a target=\"_blank\" href=\"https:\/\/www.danskkulturarv.dk\/dr\/et-godt-kvarter\/\" rel=\"noreferrer noopener\">Go to the Danish Cultural Heritage website \u2192<\/a><\/p>\n<\/div>\n<\/div>\n\n<hr class=\"wp-block-separator has-alpha-channel-opacity\" style=\"margin-top:var(--wp--preset--spacing--30);margin-bottom:var(--wp--preset--spacing--30)\" \/>\n\n<h3 class=\"wp-block-heading\">St Clement\u2019s Church: <\/h3>\n\n<div class=\"wp-block-columns is-layout-flex wp-container-core-columns-is-layout-28f84493 wp-block-columns-is-layout-flex\" id=\"Sct.-Clemens-Kirke:\">\n<div class=\"wp-block-column has-global-padding is-layout-constrained wp-block-column-is-layout-constrained\">\n<figure class=\"wp-block-embed is-type-video is-provider-youtube wp-block-embed-youtube wp-embed-aspect-16-9 wp-has-aspect-ratio\"><div class=\"wp-block-embed__wrapper\">\n<iframe title=\"Johannes Exner - Sct  Clemens kirke\" width=\"500\" height=\"281\" src=\"https:\/\/www.youtube.com\/embed\/_R5UDhBDGa0?feature=oembed\" frameborder=\"0\" allow=\"accelerometer; autoplay; clipboard-write; encrypted-media; gyroscope; picture-in-picture; web-share\" referrerpolicy=\"strict-origin-when-cross-origin\" allowfullscreen><\/iframe>\n<\/div><\/figure>\n<\/div>\n\n\n\n<div class=\"wp-block-column has-global-padding is-layout-constrained wp-block-column-is-layout-constrained\">\n<p class=\"has-medium-font-size\">Year 2009<\/p>\n\n\n\n<p class=\"has-medium-font-size\">Planning, recording and editing:<br \/>Jesper Henning Pedersen and Bjarne Hermansen<br \/>Production: Folkekirkeinfo<br \/>Copyright: Folkekirkeinfo<br \/>Duration: 29 min.<\/p>\n<\/div>\n<\/div>\n\n<hr class=\"wp-block-separator has-alpha-channel-opacity\" style=\"margin-top:var(--wp--preset--spacing--30);margin-bottom:var(--wp--preset--spacing--30)\" \/>\n\n<h3 class=\"wp-block-heading\">Lecture at the Society for Architectural History<\/h3>\n\n<div class=\"wp-block-columns is-layout-flex wp-container-core-columns-is-layout-28f84493 wp-block-columns-is-layout-flex\" id=\"Foredrag-i-Selskabet-for-Arkitekturhistorie\">\n<div class=\"wp-block-column has-global-padding is-layout-constrained wp-block-column-is-layout-constrained\">\n<figure class=\"wp-block-embed is-type-video is-provider-youtube wp-block-embed-youtube wp-embed-aspect-16-9 wp-has-aspect-ratio\"><div class=\"wp-block-embed__wrapper\">\n<iframe title=\"Foredrag i Selskabet for Arkitekturhistorie - lydoptagelse\" width=\"500\" height=\"281\" src=\"https:\/\/www.youtube.com\/embed\/D9p3gjPQreg?feature=oembed\" frameborder=\"0\" allow=\"accelerometer; autoplay; clipboard-write; encrypted-media; gyroscope; picture-in-picture; web-share\" referrerpolicy=\"strict-origin-when-cross-origin\" allowfullscreen><\/iframe>\n<\/div><\/figure>\n<\/div>\n\n\n\n<div class=\"wp-block-column has-global-padding is-layout-constrained wp-block-column-is-layout-constrained\">\n<p class=\"has-medium-font-size\">Year 2009<\/p>\n\n\n\n<p class=\"has-medium-font-size\">Audio recording. Lecture by Johannes Exner, given on 11 November 2009 at the Society for Architectural History. The lecture was originally presented with images, but the image track is missing here.<br \/>Duration: 1 hr 38 min. After 1 hr 16 min, the recording switches to a diktafon.   <\/p>\n<\/div>\n<\/div>\n\n<hr class=\"wp-block-separator has-alpha-channel-opacity\" style=\"margin-top:var(--wp--preset--spacing--30);margin-bottom:var(--wp--preset--spacing--30)\" \/>\n\n<h3 class=\"wp-block-heading\">The architect of living houses<\/h3>\n\n<div class=\"wp-block-columns is-layout-flex wp-container-core-columns-is-layout-28f84493 wp-block-columns-is-layout-flex\" id=\"De-levende-huses-arkitekt\">\n<div class=\"wp-block-column has-global-padding is-layout-constrained wp-block-column-is-layout-constrained\">\n<figure class=\"wp-block-embed is-type-video is-provider-youtube wp-block-embed-youtube wp-embed-aspect-16-9 wp-has-aspect-ratio\"><div class=\"wp-block-embed__wrapper\">\n<iframe title=\"Johannes Exner - De levende huses arkitekt\" width=\"500\" height=\"281\" src=\"https:\/\/www.youtube.com\/embed\/1ocvH0XOhwc?feature=oembed\" frameborder=\"0\" allow=\"accelerometer; autoplay; clipboard-write; encrypted-media; gyroscope; picture-in-picture; web-share\" referrerpolicy=\"strict-origin-when-cross-origin\" allowfullscreen><\/iframe>\n<\/div><\/figure>\n<\/div>\n\n\n\n<div class=\"wp-block-column has-global-padding is-layout-constrained wp-block-column-is-layout-constrained\">\n<p class=\"has-medium-font-size\">Year 2009<\/p>\n\n\n\n<p class=\"has-medium-font-size\">Planning, recording and editing:<br \/>Jesper Henning Pedersen and Bjarne Hermansen<br \/>Production: Folkekirkeinfo<br \/>Copyright: Folkekirkeinfo<br \/>Duration: 29 min.<\/p>\n<\/div>\n<\/div>\n\n<hr class=\"wp-block-separator has-alpha-channel-opacity\" style=\"margin-top:var(--wp--preset--spacing--30);margin-bottom:var(--wp--preset--spacing--30)\" \/>\n\n<h3 class=\"wp-block-heading\">Sk\u00e6ring Church<\/h3>\n\n<div class=\"wp-block-columns is-layout-flex wp-container-core-columns-is-layout-28f84493 wp-block-columns-is-layout-flex\" id=\"Sk\u00e6ring-Kirke\">\n<div class=\"wp-block-column has-global-padding is-layout-constrained wp-block-column-is-layout-constrained\">\n<figure class=\"wp-block-embed is-type-video is-provider-youtube wp-block-embed-youtube wp-embed-aspect-16-9 wp-has-aspect-ratio\"><div class=\"wp-block-embed__wrapper\">\n<iframe title=\"Johannes Exner - Sk\u00e6ring Kirke\" width=\"500\" height=\"281\" src=\"https:\/\/www.youtube.com\/embed\/XnjP5mP7auQ?feature=oembed\" frameborder=\"0\" allow=\"accelerometer; autoplay; clipboard-write; encrypted-media; gyroscope; picture-in-picture; web-share\" referrerpolicy=\"strict-origin-when-cross-origin\" allowfullscreen><\/iframe>\n<\/div><\/figure>\n<\/div>\n\n\n\n<div class=\"wp-block-column has-global-padding is-layout-constrained wp-block-column-is-layout-constrained\">\n<p class=\"has-medium-font-size\">Year 2009<\/p>\n\n\n\n<p class=\"has-medium-font-size\">Planning, recording and editing:<br \/>Jesper Henning Pedersen and Bjarne Hermansen<br \/>Production: Folkekirkeinfo<br \/>Copyright: Folkekirkeinfo<br \/>Duration: 29 min.<\/p>\n<\/div>\n<\/div>\n\n<hr class=\"wp-block-separator has-alpha-channel-opacity\" style=\"margin-top:var(--wp--preset--spacing--30);margin-bottom:var(--wp--preset--spacing--30)\" id=\"enestaaende-huse\" \/>\n\n<h3 class=\"wp-block-heading\">Exceptional Nordic Houses \u2013 Exner\u2019s House<\/h3>\n\n<div class=\"wp-block-columns is-layout-flex wp-container-core-columns-is-layout-28f84493 wp-block-columns-is-layout-flex\" id=\"Enest\u00e5ende-nordiske-huse---Exner's-Hus\">\n<div class=\"wp-block-column has-global-padding is-layout-constrained wp-block-column-is-layout-constrained\">\n<figure class=\"wp-block-embed is-type-video is-provider-youtube wp-block-embed-youtube wp-embed-aspect-16-9 wp-has-aspect-ratio\"><div class=\"wp-block-embed__wrapper\">\n<iframe title=\"EXNERS HOUSE by Inger &amp; Johannes Exner\" width=\"500\" height=\"281\" src=\"https:\/\/www.youtube.com\/embed\/BKuFxf0EY-k?feature=oembed\" frameborder=\"0\" allow=\"accelerometer; autoplay; clipboard-write; encrypted-media; gyroscope; picture-in-picture; web-share\" referrerpolicy=\"strict-origin-when-cross-origin\" allowfullscreen><\/iframe>\n<\/div><\/figure>\n<\/div>\n\n\n\n<div class=\"wp-block-column has-global-padding is-layout-constrained wp-block-column-is-layout-constrained\">\n<p class=\"has-medium-font-size\">Year 2012<\/p>\n\n\n\n<p class=\"has-medium-font-size\">Inger and Johannes Exner created a timeless house back in 1961\u2014for themselves and their children. It looks as though it has always been here, and it is as much a part of the place as the ancient burial mound next door, its nearest neighbour.<br \/>Yet it is also a modern house, from the early days of the Space Age when it was built\u2014perhaps because the Exners did not follow fashions, but had a keen understanding of history and of everyday life as it is lived in a house like this. <br \/><br \/>Planning: Jan Haugaard<br \/>Host: Eva Harlou<br \/>Expert: Michael Sheridan<br \/>Cinematography: Marek Bican<br \/>DR commissioning editor: Lars R\u00f8nnov Torp, SVT commissioning editor: Ulrika Midunger, SVT editor: Micael Lekberg, DR K editor: Mette Heiberg<br \/>Production: nordvision, svt, DR, 2012<br \/><br \/>Duration: 29 min.<\/p>\n<\/div>\n<\/div>\n\n<hr class=\"wp-block-separator has-alpha-channel-opacity\" style=\"margin-top:var(--wp--preset--spacing--30);margin-bottom:var(--wp--preset--spacing--30)\" \/>\n\n<h3 class=\"wp-block-heading\">Exner\u2019s House<\/h3>\n\n<div class=\"wp-block-columns is-layout-flex wp-container-core-columns-is-layout-28f84493 wp-block-columns-is-layout-flex\" id=\"Exners-Hus\">\n<div class=\"wp-block-column has-global-padding is-layout-constrained wp-block-column-is-layout-constrained\">\n<figure class=\"wp-block-image size-full\"><a href=\"https:\/\/realdania.dk\/projekter\/inger-og-johannes-exners-eget-hus\" target=\"_blank\" rel=\"noopener\"><img decoding=\"async\" width=\"540\" height=\"300\" src=\"https:\/\/ingerogjohannesexner.dk\/wp-content\/uploads\/2025\/12\/thumb_Screen_Shot_2018-01-10_at_09.51.41-1.jpg\" alt=\"\" class=\"wp-image-2645\" srcset=\"https:\/\/ingerogjohannesexner.dk\/wp-content\/uploads\/2025\/12\/thumb_Screen_Shot_2018-01-10_at_09.51.41-1.jpg 540w, https:\/\/ingerogjohannesexner.dk\/wp-content\/uploads\/2025\/12\/thumb_Screen_Shot_2018-01-10_at_09.51.41-1-300x167.jpg 300w\" sizes=\"(max-width: 540px) 100vw, 540px\" \/><\/a><\/figure>\n<\/div>\n\n\n\n<div class=\"wp-block-column has-global-padding is-layout-constrained wp-block-column-is-layout-constrained\">\n<p class=\"has-medium-font-size\">Year 2014<\/p>\n\n\n\n<p class=\"has-medium-font-size\">The architect couple Inger and Johannes Exner talk about their own house built in Skodsborg in 1961.<br \/>Cinematography: Poul Madsen<br \/>Production: Katalysator<br \/>Duration: 4 min.<\/p>\n\n\n\n<p class=\"has-medium-font-size\"><a target=\"_blank\" href=\"https:\/\/realdania.dk\/projekter\/inger-og-johannes-exners-eget-hus\" rel=\"noreferrer noopener\">See on Realdania\u2019s website \u2192<\/a><\/p>\n<\/div>\n<\/div>\n\n<hr class=\"wp-block-separator has-alpha-channel-opacity\" style=\"margin-top:var(--wp--preset--spacing--30);margin-bottom:var(--wp--preset--spacing--30)\" \/>\n\n<h3 class=\"wp-block-heading\">Exner\u2019s secret<\/h3>\n\n<div class=\"wp-block-columns is-layout-flex wp-container-core-columns-is-layout-28f84493 wp-block-columns-is-layout-flex\" id=\"Exners-hemmelighed\">\n<div class=\"wp-block-column has-global-padding is-layout-constrained wp-block-column-is-layout-constrained\">\n<figure class=\"wp-block-image size-full\"><a href=\"https:\/\/www.tv2ostjylland.dk\/andre-programmer\/exners-hemmelighed?autoplay=1#player\" target=\"_blank\" rel=\"noopener\"><img decoding=\"async\" width=\"540\" height=\"300\" src=\"https:\/\/ingerogjohannesexner.dk\/wp-content\/uploads\/2025\/12\/thumb_Screen_Shot_2018-01-10_at_10.24.01-1.jpg\" alt=\"\" class=\"wp-image-2646\" srcset=\"https:\/\/ingerogjohannesexner.dk\/wp-content\/uploads\/2025\/12\/thumb_Screen_Shot_2018-01-10_at_10.24.01-1.jpg 540w, https:\/\/ingerogjohannesexner.dk\/wp-content\/uploads\/2025\/12\/thumb_Screen_Shot_2018-01-10_at_10.24.01-1-300x167.jpg 300w\" sizes=\"(max-width: 540px) 100vw, 540px\" \/><\/a><\/figure>\n<\/div>\n\n\n\n<div class=\"wp-block-column has-global-padding is-layout-constrained wp-block-column-is-layout-constrained\">\n<p class=\"has-medium-font-size\">Year 2015<\/p>\n\n\n\n<p class=\"has-medium-font-size\">Only now, after 70 years, architect Johannes Exner of Aarhus tells what happened to him during the occupation: he was taken by the Germans, subjected to torture, and imprisoned in Fr\u00f8slev Prison Camp. At the end of the war he came to Sweden with Bernadotte\u2019s White Buses. In this program he shows photographs of his torturer and explains what it has meant to him to keep the secret for so many years.<br \/>Planning: S\u00f8s Kjeldsen<br \/>Cinematography: Dorte N\u00fcchel<br \/>Editor: Dorte Kvist<br \/>Production: TV2 \u00d8stjylland<br \/>Duration: 29 min.  <\/p>\n\n\n\n<p class=\"has-medium-font-size\"><a target=\"_blank\" href=\"https:\/\/www.tv2ostjylland.dk\/andre-programmer\/exners-hemmelighed?autoplay=1#player\" rel=\"noreferrer noopener\">See on TV2 \u00d8stjylland \u2192<\/a><\/p>\n<\/div>\n<\/div>\n\n<hr class=\"wp-block-separator has-alpha-channel-opacity\" style=\"margin-top:var(--wp--preset--spacing--30);margin-bottom:var(--wp--preset--spacing--30)\" \/>\n\n<p><\/p>\n","protected":false},"excerpt":{"rendered":"<p>Building with light Year 1999 Script and direction: Anne HjortProduction: Danmarks Kirkelige MediecenterDuration: 29 min. The history of church buildings Year 2001 Professor and architect Johannes Exner explains the history of church buildings in connection with the review of a proposal to alter Taastrup Nykirke.Production: Kaj Larsen, TaastrupFilmed in Taastrup Nykirke.Duration: 34 min. The Historical [&hellip;]<\/p>\n","protected":false},"author":1,"featured_media":3569,"parent":0,"menu_order":0,"comment_status":"closed","ping_status":"closed","template":"","meta":{"_acf_changed":false,"footnotes":""},"class_list":["post-4314","page","type-page","status-publish","has-post-thumbnail","hentry"],"acf":[],"_links":{"self":[{"href":"https:\/\/ingerogjohannesexner.dk\/en\/wp-json\/wp\/v2\/pages\/4314","targetHints":{"allow":["GET"]}}],"collection":[{"href":"https:\/\/ingerogjohannesexner.dk\/en\/wp-json\/wp\/v2\/pages"}],"about":[{"href":"https:\/\/ingerogjohannesexner.dk\/en\/wp-json\/wp\/v2\/types\/page"}],"author":[{"embeddable":true,"href":"https:\/\/ingerogjohannesexner.dk\/en\/wp-json\/wp\/v2\/users\/1"}],"replies":[{"embeddable":true,"href":"https:\/\/ingerogjohannesexner.dk\/en\/wp-json\/wp\/v2\/comments?post=4314"}],"version-history":[{"count":0,"href":"https:\/\/ingerogjohannesexner.dk\/en\/wp-json\/wp\/v2\/pages\/4314\/revisions"}],"wp:featuredmedia":[{"embeddable":true,"href":"https:\/\/ingerogjohannesexner.dk\/en\/wp-json\/wp\/v2\/media\/3569"}],"wp:attachment":[{"href":"https:\/\/ingerogjohannesexner.dk\/en\/wp-json\/wp\/v2\/media?parent=4314"}],"curies":[{"name":"wp","href":"https:\/\/api.w.org\/{rel}","templated":true}]}}