{"id":4326,"date":"2025-12-08T12:00:09","date_gmt":"2025-12-08T12:00:09","guid":{"rendered":"https:\/\/ingerogjohannesexner.dk\/fakta\/"},"modified":"2026-02-12T15:14:15","modified_gmt":"2026-02-12T15:14:15","slug":"fakta","status":"publish","type":"page","link":"https:\/\/ingerogjohannesexner.dk\/en\/fakta\/","title":{"rendered":"Facts"},"content":{"rendered":"\n<main class=\"wp-block-group it-735 has-global-padding is-layout-constrained wp-container-core-group-is-layout-17bfd57e wp-block-group-is-layout-constrained\" style=\"margin-top:var(--wp--preset--spacing--30);margin-bottom:var(--wp--preset--spacing--30)\">\n<h3>Inger Exner<\/h3>\n<p>&nbsp;<\/p>\n<p>Born on 20 August 1926 in Randers.<\/p>\n<p>Daughter of manufacturer Frederik Emil W\u00fcrtzen (died 1950) and Anna Simone, born Marcussen (died 1978).<\/p>\n<p>Student from Randers Statsskole 1945.<\/p>\n<p>Married Johannes on 30 May 1952.<\/p>\n<p>&nbsp;<\/p>\n<p>Graduated from the Royal Danish Academy of Fine Arts, School of Architecture, in 1954.<\/p>\n<p>Employed by Akton Bj\u00f8rn and Sigvard Bernadotte 1953-55.<\/p>\n<p>Architectural firm with Johannes from 1958 to 1999.<\/p>\n<p>&nbsp;<\/p>\n<h3>Johannes Exner<\/h3>\n<p>&nbsp;<\/p>\n<p>Born on 25 March 1926 in Hald.<\/p>\n<p>Son of provost Johan Exner (died 1981) and Gunild, born Holt (died 1970).<\/p>\n<p>Participated in the resistance movement in 1944, arrested by the Gestapo on 18 February 1945, transferred to Fr\u00f8slev camp, later to Sweden with Bernadotte&#8217;s white buses, returned to Denmark on 17 May 1945.<\/p>\n<p>Graduate of Randers State School, 1945.<\/p>\n<p>Preliminary studies at the Royal Veterinary and Agricultural University, 1945\u201348.<\/p>\n<p>Married Inger on 30 May 1952.<\/p>\n<p>&nbsp;<\/p>\n<p>Graduated from the Royal Danish Academy of Fine Arts, School of Architecture, in 1954.<\/p>\n<p>Employed by Vilhelm Lauritzen 1953-56,<\/p>\n<p>Employed by Koch 1956-61<\/p>\n<p>Architectural firm with Inger from 1958 to 1999.<\/p>\n<p>&nbsp;<\/p>\n<p>Teacher at the Academy of Fine Arts 1957-65.<\/p>\n<p>Lecturer and Head of Dept. F. Restoration, Urban and Building Conservation at the School of Architecture in Aarhus 1965, <\/p>\n<p>Professor 1984-92 at the same department, Aarhus School of Architecture.professor 1984-92 ved samme afd., Arkitektskolen i \u00c5rhus.<\/p>\n<p>&nbsp;<\/p>\n<p>Member of the board of the Academic Association of Architects 1958-62,<\/p>\n<p>by the Society for Ecclesiastical Art 1965-72,<\/p>\n<p>by the Special Church Council for Odense and Maribo Cathedrals,<\/p>\n<p>by the Board of the Association for Cemetery Culture 1967-76,<\/p>\n<p>by the Representative Committee of the Association for Urban Culture<\/p>\n<p>and Aarhus Municipality&#8217;s Committee for Building and Environmental Conservation 1968-86, chairman 1974-86.<\/p>\n<p>Member and chair of the Academy Council&#8217;s Committee for Art in Churches 1968-88,<\/p>\n<p>by the Nordic Bell Committee 1970-88,<\/p>\n<p>by the representative committee of the Danish Organ Society 1970-75,<\/p>\n<p>consultant for the Special Building Inspection,<\/p>\n<p>Member of the Danish National Committee for the Bygningsfrednings\u00e5ret 1975,<\/p>\n<p>by the Academy of Fine Arts from 1978,<\/p>\n<p>by the Danish ICOMOS Committee 1978,<\/p>\n<p>by the Academy Council in 1983,<\/p>\n<p>by the Special Building Inspection 1983-87,<\/p>\n<p>by the Danish Building Preservation Fund 1983-87,<\/p>\n<p>head of surveying expedition to Ilha de Mocambique 1983,<\/p>\n<p>member of UNESCO&#8217;s ICOMOS Committee on Restoration Education.<\/p>\n<p>&nbsp;<\/p>\n<p>Awarded the Danish Arts Foundation&#8217;s lifetime grant in 1997,<\/p>\n<p>Danish Europa Nostra Award 2011.<\/p>\n<p>&nbsp;<\/p>\n<p>Died May 16, 2015, in Aarhus.<\/p>\n<p>&nbsp;<\/p>\n<p>&nbsp;<\/p>\n<h3>Inger and Johannes Exner<\/h3>\n<p>&nbsp;<\/p>\n<p>Awarded the Velux Foundation Honorary Grant in 1978,<\/p>\n<p>Murerprisen 1982,<\/p>\n<p>Eckersberg-Medaillen 1983,<\/p>\n<p>Tr\u00e6prisen 1987,<\/p>\n<p>Honorary citizens of Kolding,<\/p>\n<p>Nykredit Architecture Award 1991,<\/p>\n<p>C.F. Hansen Medal 1992,<\/p>\n<p>Honorary Fellowship of The American Institute of Architects 1992.<\/p>\n<p>Members of the Artists&#8217; Association.<\/p>\n<p>The Architectural Association&#8217;s Medal of Honor 2018.<\/p>\n<p>&nbsp;<\/p>\n<p>Exhibition:<\/p>\n<p>Members of the Vr\u00e5 Exhibition.<\/p>\n<p>The Artists&#8217; Autumn Exhibition (KE) 1978,<\/p>\n<p>Jens Nielsens Museum 1981,<\/p>\n<p>Holmen L\u00f8gumkloster 1984,<\/p>\n<p>\u201dDansk Arkitektur\u201d, Paris 1988,<\/p>\n<p>vandreudstillingen \u201dLe Danemark l\u2019Art de Batir\u201d 1990,<\/p>\n<p>\u201dModerne Dansk Arkitektur\u201d, Czechoslovakia 1992,<\/p>\n<p>Koldinghus (retrospective) 1996,<\/p>\n<p>Gammel Dok (retrospective) 1997.<\/p>\n<p>&nbsp;<\/p>\n<h3>Name and ownership of the architectural firm<\/h3>\n<p>&nbsp;<\/p>\n<p>Company name, periods of owners<\/p>\n<p>\u201cInger and Johannes Exner\u201d 1958\u20131995 Inger and Johannes Exner<\/p>\n<p>\u201dExners Tegnestue as\u201d (I) 1995 &#8211; 1999 Inger and Johannes Exner<\/p>\n<p>\u201dExners Tegnestue as\u201d (II) 1999 &#8211; 2003 Anna Mette Exner, Karen Exner, Finn Larsen<\/p>\n<p>&#8220;Exners Tegnestue as&#8221; (III) 2003 &#8211; 2012 Karen Exner, Kjeld Ghozati, Eva Holdgaard Jensen, Finn Larsen<\/p>\n<p>&nbsp;<\/p>\n<h3>Book publications<\/h3>\n<p>&nbsp;<\/p>\n<p>\u201dKirkebygning og Teologi\u201d<\/p>\n<p>Johan Exner og Tage Christiansen.<\/p>\n<p>Gads Forlag, 1965.<\/p>\n<p>Page 26: \u201dDet vesterlandske kirkerum\u2026\u201d by Johannes Exner and Vagn Riisagerand<\/p>\n<p>Page 230. \u201dHvor meget kan kirkebygningens ydre arkitektur udtrykke.\u201d by Johannes Exner.<\/p>\n<p>&nbsp;<\/p>\n<p><u>\u201dIllustreret V\u00e6rkfortegnelse\u201d<\/u><\/p>\n<p>Published in connection with the exhibition Nordic Church Project, Holmen Museum, L\u00f8gumkloster 1984<\/p>\n<p>Text and layout: Birgitte Wistoft.<\/p>\n<p>&nbsp;<\/p>\n<p><u>\u201dKoldinghus. Inger og Johannnes Exner\u201d <\/u><\/p>\n<p>Special edition of Arkitektur.DK 1 1994. Arkitektens Forlag. <\/p>\n<p>Editors: Kim Dirckinck-Holmfeld, Susanne M\u00f8ldrup, Marianne Amundsen.<\/p>\n<p>&nbsp;<\/p>\n<p><u>\u201dArkitekterne Inger og Johannes Exner\u201d<\/u><\/p>\n<p>Published in connection with a retrospective exhibition at the Museum at Koldinghus, 1996<\/p>\n<p>The museum at Koldinghus.<\/p>\n<p>Editors: Jens Bertelsen and Birgit Jenvold.<\/p>\n<p>&nbsp;<\/p>\n<p><u>\u201dFortiden for tiden. Genbrugskultur og kulturgenbrug i dag\u201d <\/u><\/p>\n<p>Editors: Ellen Braae and Maria Fabricius Hansen.<\/p>\n<p>Arkitektskolens Forlag, Aarhus 2007.<\/p>\n<p>Page 56: \u201dDen historiske bygnings v\u00e6ren p\u00e5 liv og d\u00f8d\u201d by Johannes Exner.<\/p>\n<p>&nbsp;<\/p>\n<p><u>\u201d10 eventyrlige haver\u201d<\/u><\/p>\n<p>Peter Olesen.<\/p>\n<p>Thaning &amp; Appel 2007.<\/p>\n<p>&nbsp;<\/p>\n<p><u>\u201dArkitekternes egne huse \u2013 med arkitekternes egne ord\u201d<\/u><\/p>\n<p>Mogens St\u00e6rk and Kirsten Gr\u00f8nborg.<\/p>\n<p>Arkitektskolens Forlag 2010.<\/p>\n<p>&nbsp;<\/p>\n<p><u>&#8220;Mesterv\u00e6rker \u2013 enfamiliehuset i dansk arkitekturs guldalder&#8221;<\/u><\/p>\n<p>Michael Sheridan.<\/p>\n<p>Strandberg Publishing, K\u00f8benhavn 2011.<\/p>\n<p>&nbsp;<\/p>\n<p><a href=\"https:\/\/bog.nu\/titler\/inger-exner-johannes-exner-thomas-bo-jensen\" target=\"_blank\" rel=\"noopener\"><u>\u201dInger og Johannes Exner\u201d<\/u><\/a><\/p>\n<p>Thomas Bo Jensen.<\/p>\n<p>Ikaros Press, Aarhus 2012.<\/p>\n<p>&nbsp;<\/p>\n<p><u>\u201dOver 80\u201d<\/u><\/p>\n<p>&#8220;15 skriver om at v\u00e6re over 80 og fuld af livskraft&#8221;<\/p>\n<p>Peter Olesen<\/p>\n<p>Thaning &amp; Appel 2007<\/p>\n<p>Page 29 is about Inger Exner<\/p>\n<p>&nbsp;<\/p>\n<p>&#8220;80 folk over 80&#8221;<\/p>\n<p>Lars Gundersen and Asger Schnack<\/p>\n<p>Frydenlund 2017<\/p>\n<p>Page 48, 76, and 146 is about Inger Exner<\/p>\n<p>&nbsp;<\/p>\n<p>&#8220;Kirkearkitektur som erkendelsesvej&#8221;<\/p>\n<p>Ph.D. thesis <\/p>\n<p>Line Marschner<\/p>\n<p>AUTRYK Aarhus Universitet 2018<\/p>\n<p>&nbsp;<\/p>\n<p>&#8220;Moderne kirkevandringer&#8221;<\/p>\n<p>Dorthe M\u00f8ller<\/p>\n<p>FILO 2018<\/p>\n<p>Page 22, 34, 52, 82, and 88<\/p>\n<p>&nbsp;<\/p>\n<h3>Movies<\/h3>\n<p>&nbsp;<\/p>\n<p><u>\u201dKirken p\u00e5 Lyng\u201d<\/u><\/p>\n<p>Production: Kurt Jochumsen Film c 1995<\/p>\n<p>Duration: 42 min.<\/p>\n<p>&nbsp;<\/p>\n<p><a href=\"https:\/\/www.youtube.com\/watch?v=nvaJvHHZ2r4\" target=\"_blank\" rel=\"noopener\"><u>\u201dAt bygge med lys\u201d<\/u><\/a><\/p>\n<p>Screenplay and direction: Anne Hjort<\/p>\n<p>Production: Danmarks Kirkelige Mediecenter 1999<\/p>\n<p>Duration: 29 min.<\/p>\n<p>&nbsp;<\/p>\n<p><a href=\"https:\/\/youtu.be\/Ic1NE6XpKBk\" target=\"_blank\" rel=\"noopener\"><u>\u201dKirkebygningernes historie\u201d<\/u><\/a><\/p>\n<p>Production: Kaj Larsen, Taastrup, 2001<\/p>\n<p>Duration: 34 min.<\/p>\n<p>Recorded in 2001 in Taastrup Nykirke<\/p>\n<p>&nbsp;<\/p>\n<p><a href=\"https:\/\/www.danskkulturarv.dk\/dr\/et-godt-kvarter\/\" target=\"_blank\" rel=\"noopener\"><u>\u201d\u00c5rhus Midtby. Arkitekt Johannes Exner om byen og vandet\u201d <\/u><\/a><\/p>\n<p>From the series \u201dEt godt kvarter\u201d, program 6<\/p>\n<p>Planning: Bo Illum J\u00f8rgensen<\/p>\n<p>Photographer: Jesper Petersen<\/p>\n<p>DR Editor: Thorkild Nyholm<\/p>\n<p>Production: Dansk AV Produktion 2007<\/p>\n<p>Duration 14 min.<\/p>\n<p>&nbsp;<\/p>\n<p><a href=\"https:\/\/youtu.be\/1ocvH0XOhwc\" target=\"_blank\" rel=\"noopener\"><u>\u201dJohannes Exner. De levende huses arkitekt\u201d <\/u><\/a><\/p>\n<p>Duration: 29 min.<\/p>\n<p>Planning, recording, and editing:<\/p>\n<p>Jesper Henning Pedersen and Bjarne Hermansen<\/p>\n<p>Production: Folkekirkeinfo, 2009<\/p>\n<p>&nbsp;<\/p>\n<p><a href=\"https:\/\/youtu.be\/_R5UDhBDGa0\" target=\"_blank\" rel=\"noopener\"><u>\u201dJohannes Exner. Sankt Clemens Kirke\u201d <\/u><\/a><\/p>\n<p>Duration: 29 min.<\/p>\n<p>Planning, recording, and editing:<\/p>\n<p>Jesper Henning Pedersen and Bjarne Hermansen<\/p>\n<p>Production: Folkekirkeinfo, 2009<\/p>\n<p>&nbsp;<\/p>\n<p><a href=\"https:\/\/youtu.be\/XnjP5mP7auQ\" target=\"_blank\" rel=\"noopener\"><u>\u201dJohannes Exner. Sk\u00e6ring Kirke\u201d <\/u><\/a><\/p>\n<p>Duration: 29 min.<\/p>\n<p>Planning, recording, and editing:<\/p>\n<p>Jesper Henning Pedersen and Bjarne Hermansen<\/p>\n<p>Production: Folkekirkeinfo, 2009<\/p>\n<p>&nbsp;<\/p>\n<p><a href=\"https:\/\/youtu.be\/BKuFxf0EY-k\" target=\"_blank\" rel=\"noopener\"><u>\u201dEnest\u00e5ende nordiske huse \u2013 Exner\u2019s Hus\u201d<\/u><\/a><\/p>\n<p>Planning: Jan Haugaard<\/p>\n<p>Host: Eva Harlou<\/p>\n<p>Expert: Michael Sheridan<\/p>\n<p>Production: nordvision, svt, DR, 2012<\/p>\n<p>Duration: 28 min.<\/p>\n<p>&nbsp;<\/p>\n<p><a href=\"https:\/\/realdania.dk\/projekter\/inger-og-johannes-exners-eget-hus\" target=\"_blank\" rel=\"noopener\"><u>\u201cExners Hus\u201d<\/u><\/a><\/p>\n<p>Photographer: Poul Madsen<\/p>\n<p>Production: Katalysator 2014<\/p>\n<p>Duration: 4 min.<\/p>\n<p>&nbsp;<\/p>\n<p><a href=\"https:\/\/www.tv2ostjylland.dk\/andre-programmer\/exners-hemmelighed?autoplay=1#player\" target=\"_blank\" rel=\"noopener\"><u>\u201dExners Hemmelighed\u201d<\/u><\/a><\/p>\n<p>Planning: S\u00f8s Kjeldsen<\/p>\n<p>Photographer: Dorte N\u00fcchel<\/p>\n<p>Editor: Eva Kvist<\/p>\n<p>Production: TV2 \u00d8stjylland 2015<\/p>\n<p>Duration: 29 min.<\/p>\n<\/main>\n","protected":false},"excerpt":{"rendered":"<p>Inger Exner &nbsp; Born on 20 August 1926 in Randers. Daughter of manufacturer Frederik Emil W\u00fcrtzen (died 1950) and Anna Simone, born Marcussen (died 1978). Student from Randers Statsskole 1945. Married Johannes on 30 May 1952. &nbsp; Graduated from the Royal Danish Academy of Fine Arts, School of Architecture, in 1954. Employed by Akton Bj\u00f8rn [&hellip;]<\/p>\n","protected":false},"author":1,"featured_media":3569,"parent":0,"menu_order":0,"comment_status":"closed","ping_status":"closed","template":"","meta":{"_acf_changed":false,"footnotes":""},"class_list":["post-4326","page","type-page","status-publish","has-post-thumbnail","hentry"],"acf":[],"_links":{"self":[{"href":"https:\/\/ingerogjohannesexner.dk\/en\/wp-json\/wp\/v2\/pages\/4326","targetHints":{"allow":["GET"]}}],"collection":[{"href":"https:\/\/ingerogjohannesexner.dk\/en\/wp-json\/wp\/v2\/pages"}],"about":[{"href":"https:\/\/ingerogjohannesexner.dk\/en\/wp-json\/wp\/v2\/types\/page"}],"author":[{"embeddable":true,"href":"https:\/\/ingerogjohannesexner.dk\/en\/wp-json\/wp\/v2\/users\/1"}],"replies":[{"embeddable":true,"href":"https:\/\/ingerogjohannesexner.dk\/en\/wp-json\/wp\/v2\/comments?post=4326"}],"version-history":[{"count":0,"href":"https:\/\/ingerogjohannesexner.dk\/en\/wp-json\/wp\/v2\/pages\/4326\/revisions"}],"wp:featuredmedia":[{"embeddable":true,"href":"https:\/\/ingerogjohannesexner.dk\/en\/wp-json\/wp\/v2\/media\/3569"}],"wp:attachment":[{"href":"https:\/\/ingerogjohannesexner.dk\/en\/wp-json\/wp\/v2\/media?parent=4326"}],"curies":[{"name":"wp","href":"https:\/\/api.w.org\/{rel}","templated":true}]}}